{"id":1062,"date":"2020-03-05T09:33:56","date_gmt":"2020-03-05T08:33:56","guid":{"rendered":"http:\/\/www.gavinox.test\/prodotti\/acciai-inossidabili-decorati-verniciati-rivestiti\/"},"modified":"2021-02-23T16:21:35","modified_gmt":"2021-02-23T15:21:35","slug":"decorated-painted-coated-stainless-steels","status":"publish","type":"page","link":"https:\/\/www.gavinox.it\/en\/products\/decorated-painted-coated-stainless-steels\/","title":{"rendered":"Decorated \/ painted \/ coated stainless steels"},"content":{"rendered":"<p>[et_pb_section fb_built=&#8221;1&#8243; fullwidth=&#8221;on&#8221; _builder_version=&#8221;4.3.4&#8243; da_disable_devices=&#8221;off|off|off&#8221; da_is_popup=&#8221;off&#8221; da_exit_intent=&#8221;off&#8221; da_has_close=&#8221;on&#8221; da_alt_close=&#8221;off&#8221; da_dark_close=&#8221;off&#8221; da_not_modal=&#8221;on&#8221; da_is_singular=&#8221;off&#8221; da_with_loader=&#8221;off&#8221; da_has_shadow=&#8221;on&#8221;][et_pb_fullwidth_post_title meta=&#8221;off&#8221; featured_image=&#8221;off&#8221; _builder_version=&#8221;4.4.7&#8243; title_font=&#8221;|600||on|||||&#8221; title_text_color=&#8221;#002a5a&#8221; title_font_size=&#8221;50px&#8221; background_color=&#8221;#d5d3cc&#8221; text_orientation=&#8221;center&#8221; custom_padding=&#8221;25px||20px||false|false&#8221;][\/et_pb_fullwidth_post_title][\/et_pb_section][et_pb_section fb_built=&#8221;1&#8243; _builder_version=&#8221;4.3.4&#8243; da_disable_devices=&#8221;off|off|off&#8221; da_is_popup=&#8221;off&#8221; da_exit_intent=&#8221;off&#8221; da_has_close=&#8221;on&#8221; da_alt_close=&#8221;off&#8221; da_dark_close=&#8221;off&#8221; da_not_modal=&#8221;on&#8221; da_is_singular=&#8221;off&#8221; da_with_loader=&#8221;off&#8221; da_has_shadow=&#8221;on&#8221;][et_pb_row _builder_version=&#8221;4.3.4&#8243; custom_margin=&#8221;20px||20px||true|false&#8221;][et_pb_column type=&#8221;4_4&#8243; _builder_version=&#8221;4.3.4&#8243;][et_pb_text _builder_version=&#8221;4.4.8&#8243; header_3_font=&#8221;||||||||&#8221; header_3_text_color=&#8221;#002a5a&#8221; header_3_font_size=&#8221;30px&#8221; text_orientation=&#8221;center&#8221;]<\/p>\n<h3>Austenitic\/ferritic stainless steel flat rolled products and strips<\/h3>\n<h3>COLOURED \/ ANTI-FINGERPRINT (Gavinox specifications) <\/h3>\n<p>[\/et_pb_text][\/et_pb_column][\/et_pb_row][et_pb_row column_structure=&#8221;2_3,1_3&#8243; _builder_version=&#8221;4.3.4&#8243; custom_margin=&#8221;20px||20px||true|false&#8221;][et_pb_column type=&#8221;2_3&#8243; _builder_version=&#8221;4.3.4&#8243;][et_pb_text _builder_version=&#8221;4.4.8&#8243;]<\/p>\n<p>It is a special product realized on a stainless support with an anti-fingerprint coating. Thanks to its aesthetic properties it is used in very many industries such as the household appliance industry, in service facilities and, especially, in innovative architectural constructions. Anti-fingerprint steel is manufactured on an AISI 304 and\/or 430 stainless steel support with satin finish and\/or Scotch Brite finish.<br \/><strong>Upper side coating<\/strong>: 8-10 micron thick polyester paint base (upon request a temporary polyethylene adhesive film for protection)<br \/><strong>Lower side coating<\/strong>: foamable back coating (3-5 microns thick).<br \/>Removal of fingerprints, easy to clean, resistant to the environment and aggressive agents, heat resistant.<\/p>\n<p>[\/et_pb_text][et_pb_text disabled_on=&#8221;on|on|on&#8221; _builder_version=&#8221;4.4.8&#8243; disabled=&#8221;on&#8221;]<\/p>\n<p><strong>La gamma specifica di colori che la pellicola va pian piano a ad assumere sono: bronzo, oro, rosso, porpora e verde corrispondenti all\u2019aumento dello spessore pellicolare da 0,02 fino a 0,36 micron.<\/strong><br \/> <strong>L\u2019acciaio inossidabile austenitico \u00e8 particolarmente adatto a questo trattamento superficiale.<\/strong><\/p>\n<p>[\/et_pb_text][\/et_pb_column][et_pb_column type=&#8221;1_3&#8243; _builder_version=&#8221;4.3.4&#8243;][et_pb_text _builder_version=&#8221;4.4.8&#8243; text_font=&#8221;|||on|||||&#8221; text_text_color=&#8221;#002A5A&#8221; text_font_size=&#8221;20px&#8221; link_font=&#8221;|||on|||||&#8221; link_font_size=&#8221;20px&#8221; custom_padding=&#8221;||10px|5px|false|false&#8221; border_width_bottom=&#8221;1px&#8221; border_color_bottom=&#8221;rgba(0,0,0,0.1)&#8221;]<\/p>\n<p>Decorated steel<\/p>\n<p>[\/et_pb_text][et_pb_text disabled_on=&#8221;on|on|on&#8221; _builder_version=&#8221;4.4.8&#8243; link_font=&#8221;|||on|||||&#8221; link_font_size=&#8221;20px&#8221; custom_padding=&#8221;||10px||false|false&#8221; border_width_bottom=&#8221;1px&#8221; border_color_bottom=&#8221;rgba(0,0,0,0.1)&#8221; disabled=&#8221;on&#8221;]<a href=\"#decorato\" class=\"caratteristiche-aisi\">Decorated steel<\/a>[\/et_pb_text][et_pb_text _builder_version=&#8221;4.4.8&#8243; text_font=&#8221;|||on|||||&#8221; text_text_color=&#8221;#002A5A&#8221; text_font_size=&#8221;20px&#8221; link_font=&#8221;|||on|||||&#8221; link_font_size=&#8221;20px&#8221; custom_padding=&#8221;||10px|5px|false|false&#8221; border_width_bottom=&#8221;1px&#8221; border_color_bottom=&#8221;rgba(0,0,0,0.1)&#8221;]Coloured steel[\/et_pb_text][et_pb_text disabled_on=&#8221;on|on|on&#8221; _builder_version=&#8221;4.4.8&#8243; link_font=&#8221;|||on|||||&#8221; link_font_size=&#8221;20px&#8221; custom_padding=&#8221;||10px||false|false&#8221; border_width_bottom=&#8221;1px&#8221; border_color_bottom=&#8221;rgba(0,0,0,0.1)&#8221; disabled=&#8221;on&#8221;]<a href=\"#colorato\" class=\"caratteristiche-aisi\">Coloured steel<\/a>[\/et_pb_text][et_pb_text _builder_version=&#8221;4.4.8&#8243; text_font=&#8221;|||on|||||&#8221; text_text_color=&#8221;#002A5A&#8221; text_font_size=&#8221;20px&#8221; link_font=&#8221;|||on|||||&#8221; link_font_size=&#8221;20px&#8221; custom_padding=&#8221;||10px|5px|false|false&#8221; border_width_bottom=&#8221;1px&#8221; border_color_bottom=&#8221;rgba(0,0,0,0.1)&#8221;]Coated steel[\/et_pb_text][et_pb_text disabled_on=&#8221;on|on|on&#8221; _builder_version=&#8221;4.4.8&#8243; link_font=&#8221;|||on|||||&#8221; link_font_size=&#8221;20px&#8221; custom_padding=&#8221;||10px||false|false&#8221; border_width_bottom=&#8221;1px&#8221; border_color_bottom=&#8221;rgba(0,0,0,0.1)&#8221; disabled=&#8221;on&#8221;]<a href=\"#rivestito\" class=\"caratteristiche-aisi\">Coated steel<\/a>[\/et_pb_text][et_pb_text disabled_on=&#8221;on|on|on&#8221; module_id=&#8221;popup-button&#8221; _builder_version=&#8221;4.4.8&#8243; background_enable_color=&#8221;off&#8221; text_orientation=&#8221;center&#8221; custom_margin=&#8221;|0px||0px|false|false&#8221; custom_padding=&#8221;|0px||0px|false|false&#8221; disabled=&#8221;on&#8221;]<a href=\"#caratteristiche-tecniche\" style=\"margin: 0 !important;\">Caratteristiche Tecniche<\/a>[\/et_pb_text][\/et_pb_column][\/et_pb_row][\/et_pb_section][et_pb_section fb_built=&#8221;1&#8243; _builder_version=&#8221;4.4.3&#8243; background_enable_color=&#8221;off&#8221; custom_padding=&#8221;0px|0px|0px|0px|false|false&#8221; da_disable_devices=&#8221;off|off|off&#8221; da_is_popup=&#8221;off&#8221; da_exit_intent=&#8221;off&#8221; da_has_close=&#8221;on&#8221; da_alt_close=&#8221;off&#8221; da_dark_close=&#8221;off&#8221; da_not_modal=&#8221;on&#8221; da_is_singular=&#8221;off&#8221; da_with_loader=&#8221;off&#8221; da_has_shadow=&#8221;on&#8221;][et_pb_row column_structure=&#8221;1_6,1_6,1_6,1_6,1_6,1_6&#8243; use_custom_gutter=&#8221;on&#8221; gutter_width=&#8221;1&#8243; _builder_version=&#8221;4.4.8&#8243; width=&#8221;100%&#8221; max_width=&#8221;2560px&#8221; custom_margin=&#8221;0px|0px|0px|0px|false|false&#8221; custom_padding=&#8221;0px|0px|0px|0px|false|false&#8221;][et_pb_column type=&#8221;1_6&#8243; _builder_version=&#8221;4.4.3&#8243;][et_pb_image src=&#8221;https:\/\/www.gavinox.it\/wp-content\/uploads\/sites\/13\/2020\/06\/box-acciai-inossidabili-decorati-verniciati-rivestiti-01.jpg&#8221; _builder_version=&#8221;4.4.3&#8243;][\/et_pb_image][\/et_pb_column][et_pb_column type=&#8221;1_6&#8243; _builder_version=&#8221;4.4.3&#8243;][et_pb_image src=&#8221;https:\/\/www.gavinox.it\/wp-content\/uploads\/sites\/13\/2020\/06\/box-acciai-inossidabili-decorati-verniciati-rivestiti-02.jpg&#8221; _builder_version=&#8221;4.4.3&#8243;][\/et_pb_image][\/et_pb_column][et_pb_column type=&#8221;1_6&#8243; _builder_version=&#8221;4.4.3&#8243;][et_pb_image src=&#8221;https:\/\/www.gavinox.it\/wp-content\/uploads\/sites\/13\/2020\/06\/box-acciai-inossidabili-decorati-verniciati-rivestiti-03.jpg&#8221; _builder_version=&#8221;4.4.3&#8243;][\/et_pb_image][\/et_pb_column][et_pb_column type=&#8221;1_6&#8243; _builder_version=&#8221;4.4.3&#8243;][et_pb_image src=&#8221;https:\/\/www.gavinox.it\/wp-content\/uploads\/sites\/13\/2020\/06\/box-acciai-inossidabili-decorati-verniciati-rivestiti-04.jpg&#8221; _builder_version=&#8221;4.4.3&#8243;][\/et_pb_image][\/et_pb_column][et_pb_column type=&#8221;1_6&#8243; _builder_version=&#8221;4.4.3&#8243;][et_pb_image src=&#8221;https:\/\/www.gavinox.it\/wp-content\/uploads\/sites\/13\/2020\/06\/box-acciai-inossidabili-decorati-verniciati-rivestiti-05.jpg&#8221; title_text=&#8221;box-acciai-inossidabili-decorati-verniciati-rivestiti-05&#8243; _builder_version=&#8221;4.4.8&#8243;][\/et_pb_image][\/et_pb_column][et_pb_column type=&#8221;1_6&#8243; _builder_version=&#8221;4.4.3&#8243;][et_pb_image src=&#8221;https:\/\/www.gavinox.it\/wp-content\/uploads\/sites\/13\/2020\/06\/box-acciai-inossidabili-decorati-verniciati-rivestiti-06.jpg&#8221; title_text=&#8221;box-acciai-inossidabili-decorati-verniciati-rivestiti-06&#8243; _builder_version=&#8221;4.4.8&#8243;][\/et_pb_image][\/et_pb_column][\/et_pb_row][\/et_pb_section][et_pb_section fb_built=&#8221;1&#8243; module_id=&#8221;decorato&#8221; module_class=&#8221;popup&#8221; _builder_version=&#8221;4.4.8&#8243; width=&#8221;80%&#8221; custom_margin=&#8221;||||false|false&#8221; custom_padding=&#8221;0px|0px|0px|0px|false|false&#8221; da_is_popup=&#8221;on&#8221; da_popup_slug=&#8221;decorato&#8221; da_disable_devices=&#8221;off|off|off&#8221; locked=&#8221;off&#8221; da_exit_intent=&#8221;off&#8221; da_has_close=&#8221;on&#8221; da_alt_close=&#8221;off&#8221; da_dark_close=&#8221;off&#8221; da_not_modal=&#8221;on&#8221; da_is_singular=&#8221;off&#8221; da_with_loader=&#8221;off&#8221; da_has_shadow=&#8221;on&#8221;][et_pb_row _builder_version=&#8221;4.3.4&#8243;][et_pb_column type=&#8221;4_4&#8243; _builder_version=&#8221;4.3.4&#8243;][et_pb_text _builder_version=&#8221;4.4.8&#8243; text_font=&#8221;|||on|||||&#8221; background_color=&#8221;#002a5a&#8221; background_image=&#8221;https:\/\/www.gavinox.it\/wp-content\/uploads\/sites\/13\/2020\/03\/gavinox-neg.svg&#8221; background_size=&#8221;contain&#8221; background_position=&#8221;center_right&#8221; background_layout=&#8221;dark&#8221; custom_padding=&#8221;10px|80px|0px|0px|false|false&#8221; custom_padding_tablet=&#8221;&#8221; custom_padding_phone=&#8221;|0px|||false|false&#8221; custom_padding_last_edited=&#8221;on|phone&#8221; background_last_edited=&#8221;on|tablet&#8221; background_enable_image_phone=&#8221;off&#8221; border_width_all=&#8221;20px&#8221; border_color_all=&#8221;#002a5a&#8221;]<\/p>\n<h3>Acciaio Decorato<\/h3>\n<p>[\/et_pb_text][et_pb_text _builder_version=&#8221;4.4.8&#8243; text_text_color=&#8221;#002a5a&#8221; header_3_font=&#8221;|600||on|||||&#8221; header_3_text_align=&#8221;center&#8221; header_3_text_color=&#8221;#002A5A&#8221; header_3_font_size=&#8221;30px&#8221; header_3_line_height=&#8221;1.7em&#8221;]<\/p>\n<p>Gli acciai inox decorati offrono la risposta al bisogno intrinseco di tecnologia e natura : gli ambienti decorati con materiali naturali sono pi\u00f9 familiari e rilassanti di quelli artificiali (legno, fibre vegetali, pietra o stoffa) e rendono ogni ambiente pi\u00f9 confortevole e accogliente.<\/p>\n<p>Non solo l\u2019acciaio inox \u00e8 green e 100% riciclabile, ma oggi, pu\u00f2 anche copiare la natura. Grazie alle nostre lavorazioni di \u2026\u2026\u2026\u2026 possiamo realizzare finiture note come inox FINTA PELLE, inox SABBIA, inox TELA DI LINO, inox CANVAS, e dagli acciai inox rigidizzati inox PELLE DI ELEFANTE, inox LEGNO\u2026.<\/p>\n<p>[\/et_pb_text][\/et_pb_column][\/et_pb_row][\/et_pb_section][et_pb_section fb_built=&#8221;1&#8243; module_id=&#8221;colorato&#8221; module_class=&#8221;popup&#8221; _builder_version=&#8221;4.4.8&#8243; width=&#8221;80%&#8221; custom_margin=&#8221;||||false|false&#8221; custom_padding=&#8221;0px|0px|0px|0px|false|false&#8221; da_is_popup=&#8221;on&#8221; da_popup_slug=&#8221;colorato&#8221; da_disable_devices=&#8221;off|off|off&#8221; locked=&#8221;off&#8221; da_exit_intent=&#8221;off&#8221; da_has_close=&#8221;on&#8221; da_alt_close=&#8221;off&#8221; da_dark_close=&#8221;off&#8221; da_not_modal=&#8221;on&#8221; da_is_singular=&#8221;off&#8221; da_with_loader=&#8221;off&#8221; da_has_shadow=&#8221;on&#8221;][et_pb_row _builder_version=&#8221;4.3.4&#8243;][et_pb_column type=&#8221;4_4&#8243; _builder_version=&#8221;4.3.4&#8243;][et_pb_text _builder_version=&#8221;4.4.8&#8243; text_font=&#8221;|||on|||||&#8221; background_color=&#8221;#002a5a&#8221; background_image=&#8221;https:\/\/www.gavinox.it\/wp-content\/uploads\/sites\/13\/2020\/03\/gavinox-neg.svg&#8221; background_size=&#8221;contain&#8221; background_position=&#8221;center_right&#8221; background_layout=&#8221;dark&#8221; custom_padding=&#8221;10px|80px|0px|0px|false|false&#8221; custom_padding_tablet=&#8221;&#8221; custom_padding_phone=&#8221;|0px|||false|false&#8221; custom_padding_last_edited=&#8221;on|phone&#8221; background_last_edited=&#8221;on|tablet&#8221; background_enable_image_phone=&#8221;off&#8221; border_width_all=&#8221;20px&#8221; border_color_all=&#8221;#002a5a&#8221;]<\/p>\n<h3>Acciaio Colorato<\/h3>\n<p>[\/et_pb_text][et_pb_text _builder_version=&#8221;4.4.8&#8243; text_text_color=&#8221;#002a5a&#8221; header_3_font=&#8221;|600||on|||||&#8221; header_3_text_align=&#8221;center&#8221; header_3_text_color=&#8221;#002A5A&#8221; header_3_font_size=&#8221;30px&#8221; header_3_line_height=&#8221;1.7em&#8221;]<\/p>\n<p>L&#8217;acciaio colorato, attraverso i suoi speciali rivestimenti e le sue tonalit\u00e0 cromatiche personalizzabili, \u00e8 in grado di soddisfare tutte le moderne estetiche di progettazione. Pu\u00f2 essere prodotto su qualsiasi base inossidabile e la scelta di quest\u2019ultima dipende, naturalmente, dal tipo di ambiente in cui \u00e8 posto in esercizio.<br \/>La pellicola inerte di ossido di cromo che si forma sulla superficie dell\u2019acciaio inossidabile quando questa viene a contatto con l\u2019ossigeno, costituisce la ben nota barriera nei confronti della corrosione.<br \/>Questa pellicola pu\u00f2 assumere una certa colorazione che pu\u00f2 essere successivamente fissata mediante un processo elettrolitico e, attraverso dall\u2019interferenza con la luce sulla pellicola si producono intensi effetti di colore.<\/p>\n<p>[\/et_pb_text][\/et_pb_column][\/et_pb_row][\/et_pb_section][et_pb_section fb_built=&#8221;1&#8243; module_id=&#8221;rivestito&#8221; module_class=&#8221;popup&#8221; _builder_version=&#8221;4.4.8&#8243; width=&#8221;80%&#8221; custom_margin=&#8221;||||false|false&#8221; custom_padding=&#8221;0px|0px|0px|0px|false|false&#8221; da_is_popup=&#8221;on&#8221; da_popup_slug=&#8221;rivestito&#8221; da_disable_devices=&#8221;off|off|off&#8221; locked=&#8221;off&#8221; da_exit_intent=&#8221;off&#8221; da_has_close=&#8221;on&#8221; da_alt_close=&#8221;off&#8221; da_dark_close=&#8221;off&#8221; da_not_modal=&#8221;on&#8221; da_is_singular=&#8221;off&#8221; da_with_loader=&#8221;off&#8221; da_has_shadow=&#8221;on&#8221;][et_pb_row _builder_version=&#8221;4.3.4&#8243;][et_pb_column type=&#8221;4_4&#8243; _builder_version=&#8221;4.3.4&#8243;][et_pb_text _builder_version=&#8221;4.4.8&#8243; text_font=&#8221;|||on|||||&#8221; background_color=&#8221;#002a5a&#8221; background_image=&#8221;https:\/\/www.gavinox.it\/wp-content\/uploads\/sites\/13\/2020\/03\/gavinox-neg.svg&#8221; background_size=&#8221;contain&#8221; background_position=&#8221;center_right&#8221; background_layout=&#8221;dark&#8221; custom_padding=&#8221;10px|80px|0px|0px|false|false&#8221; custom_padding_tablet=&#8221;&#8221; custom_padding_phone=&#8221;|0px|||false|false&#8221; custom_padding_last_edited=&#8221;on|phone&#8221; background_last_edited=&#8221;on|tablet&#8221; background_enable_image_phone=&#8221;off&#8221; border_width_all=&#8221;20px&#8221; border_color_all=&#8221;#002a5a&#8221;]<\/p>\n<h3>Acciaio Rivestito<\/h3>\n<p>[\/et_pb_text][et_pb_text _builder_version=&#8221;4.4.8&#8243; text_text_color=&#8221;#002a5a&#8221; header_3_font=&#8221;|600||on|||||&#8221; header_3_text_align=&#8221;center&#8221; header_3_text_color=&#8221;#002A5A&#8221; header_3_font_size=&#8221;30px&#8221; header_3_line_height=&#8221;1.7em&#8221; locked=&#8221;off&#8221;]<\/p>\n<p>Il supporto metallico in Aisi 304 o 430 con finitura satinata e\/o scotch-brite er rivestimenti con film di PET, di PVC, di vernice o primer sul retro a seconda delle necessit\u00e0 del cliente e dell\u2019utilizzo finale del materiale. Grazie alle sue caratteristiche viene utilizzato in molteplici settori&#8230;<\/p>\n<p>[\/et_pb_text][\/et_pb_column][\/et_pb_row][\/et_pb_section][et_pb_section fb_built=&#8221;1&#8243; module_id=&#8221;caratteristiche-tecniche&#8221; module_class=&#8221;popup&#8221; _builder_version=&#8221;4.4.8&#8243; width=&#8221;80%&#8221; custom_margin=&#8221;||||false|false&#8221; custom_padding=&#8221;0px|0px|0px|0px|false|false&#8221; da_is_popup=&#8221;on&#8221; da_popup_slug=&#8221;caratteristiche-tecniche&#8221; da_disable_devices=&#8221;off|off|off&#8221; locked=&#8221;off&#8221; da_exit_intent=&#8221;off&#8221; da_has_close=&#8221;on&#8221; da_alt_close=&#8221;off&#8221; da_dark_close=&#8221;off&#8221; da_not_modal=&#8221;on&#8221; da_is_singular=&#8221;off&#8221; da_with_loader=&#8221;off&#8221; da_has_shadow=&#8221;on&#8221;][et_pb_row _builder_version=&#8221;4.3.4&#8243;][et_pb_column type=&#8221;4_4&#8243; _builder_version=&#8221;4.3.4&#8243;][et_pb_text _builder_version=&#8221;4.4.8&#8243; text_font=&#8221;|||on|||||&#8221; background_color=&#8221;#002a5a&#8221; background_image=&#8221;https:\/\/www.gavinox.it\/wp-content\/uploads\/sites\/13\/2020\/03\/gavinox-neg.svg&#8221; background_size=&#8221;contain&#8221; background_position=&#8221;center_right&#8221; background_layout=&#8221;dark&#8221; custom_padding=&#8221;10px|80px|0px|0px|false|false&#8221; custom_padding_tablet=&#8221;&#8221; custom_padding_phone=&#8221;|0px|||false|false&#8221; custom_padding_last_edited=&#8221;on|phone&#8221; background_last_edited=&#8221;on|tablet&#8221; background_enable_image_phone=&#8221;off&#8221; border_width_all=&#8221;20px&#8221; border_color_all=&#8221;#002a5a&#8221;]<\/p>\n<h3>Caratteristiche tecniche<\/h3>\n<p>[\/et_pb_text][et_pb_text _builder_version=&#8221;4.4.8&#8243; header_4_font=&#8221;|||on|||||&#8221; header_4_text_color=&#8221;#002a5a&#8221;]<\/p>\n<h2>ACCIAIO anti-fingerprint<\/h2>\n<p>La gamma dimensionale disponibile \u00e8 la seguente:<\/p>\n<ol>\n<li>Spessore del supporto: da 0,30 a 1,5 mm<\/li>\n<li>Massima dimensione in fogli: 1500 x 5000<\/li>\n<li>Minima larghezza del nastro: 19 mm<\/li>\n<li>Massima larghezza del nastro: 1500 mm<\/li>\n<li>Diametro interno del nastro: 500 mm<\/li>\n<li>Diametro massimo esteno coil: 1600 mm<\/li>\n<li>Peso massimo del coil: 10.000 kg.<\/li>\n<\/ol>\n<p><strong>Rivestimento faccia superiore<\/strong> \u2013 a base di vernice poliestere di spessore 8-10 micron (a richiesta film autoadesivo di protezione temporanea in polietilene)<\/p>\n<p><b>Rivestimento faccia inferiore<\/b> \u2013 a richiesta Back-coating schiumabile di spessore 3-5 micron<\/p>\n<p>&nbsp;<\/p>\n<h3>Caratteristiche del rivestimento<\/h3>\n<ol>\n<li>Colore: trasparente non colorato<\/li>\n<li>Brillantezza: &gt; 80 Gloss su finitura satinata<\/li>\n<li>&gt; 100 Gloss su finitura Scotch-Brite<\/li>\n<li>Durezza matita: H minimo<\/li>\n<li>Adesione e quadrettatura: 100\/100<\/li>\n<\/ol>\n<h3>Formabilit\u00e0<\/h3>\n<ol>\n<li>T bend test (ECCA T7): 0-1 T massimo<\/li>\n<li>Imbutitura Erichsen (EN ISO 1520) : assenza di fessurazioni e delaminazione<\/li>\n<li>Resistenza all\u2019impatto (ECCA T5) : &gt; 10 J<\/li>\n<\/ol>\n<h3>Propriet\u00e0 di anti-fingerprinte di pulizia<\/h3>\n<ol>\n<li>Rimozione delle impronte : facile per strofinamento a secco<\/li>\n<li>Punibilit\u00e0: molto buona<\/li>\n<\/ol>\n<h3>Resistenza all\u2019ambiente ed a d agenti aggressivi<\/h3>\n<ol>\n<li>Macchie da alimenti (olio, caff\u00e8, ..)- ECCA T18: resistente<\/li>\n<li>Prodotti chimici di impiego domestico (alccl, detergenti per superfici, \u2026) &#8211; ECCA T11 &#8211; T18): OK<\/li>\n<li>Immersione in acqua (40\u00b0C per 120 ore): OK<\/li>\n<li>Tropical test(umidit\u00e0 continuata): resistente<\/li>\n<\/ol>\n<h3>Resistenza al calore<\/h3>\n<ol>\n<li>Test ciclico (da temperatura ambiente a 85\u00b0C ripetuto per 20 cicli): resistente<\/li>\n<\/ol>\n<p>[\/et_pb_text][et_pb_text _builder_version=&#8221;4.4.8&#8243; header_4_font=&#8221;|||on|||||&#8221; header_4_text_color=&#8221;#002a5a&#8221;]<\/p>\n<h2>ACCIAIO COLORATO<\/h2>\n<h3>Colorazione elettrolitica<\/h3>\n<p>La pellicola inerte di ossido di cromo che si forma sulla superficie dell\u2019acciaio inossidabile quando questa viene a contatto con l\u2019ossigeno, costituisce la ben nota barriera nei confronti della corrosione.<\/p>\n<p>Attraverso un processo chimico, questa pellicola, che inizialmente appena si forma \u00e8 trasparente, pu\u00f2 assumere una certa colorazione che pu\u00f2 essere successivamente fissata mediante un processo elettrolitico.<\/p>\n<p>Attraverso un fenomeno fisico prodotto dall\u2019interferenza con la luce (sovrapposizione della luce in arrivo con quella riflessa) e a seconda del tempo di immersione nella soluzione acida, sulla pellicola si producono intensi effetti di colore.<\/p>\n<p>La gamma specifica di colori che la pellicola va pian piano a ad assumere sono: bronzo, oro, rosso, porpora e verde corrispondenti all\u2019aumento dello spessore pellicolare da 0,02 fino a 0,36 micron.<\/p>\n<p>L\u2019acciaio inossidabile austenitico \u00e8 particolarmente adatto a questo trattamento superficiale.<\/p>\n<p>[\/et_pb_text][\/et_pb_column][\/et_pb_row][\/et_pb_section]<\/p>\n","protected":false},"excerpt":{"rendered":"<p>Austenitic\/ferritic stainless steel flat rolled products and strips COLOURED \/ ANTI-FINGERPRINT (Gavinox specifications) It is a special product realized on a stainless support with an anti-fingerprint coating. Thanks to its aesthetic properties it is used in very many industries such as the household appliance industry, in service facilities and, especially, in innovative architectural constructions. Anti-fingerprint [&hellip;]<\/p>\n","protected":false},"author":3,"featured_media":0,"parent":1061,"menu_order":0,"comment_status":"closed","ping_status":"closed","template":"","meta":{"_et_pb_use_builder":"on","_et_pb_old_content":"","_et_gb_content_width":"","inline_featured_image":false},"_links":{"self":[{"href":"https:\/\/www.gavinox.it\/en\/wp-json\/wp\/v2\/pages\/1062"}],"collection":[{"href":"https:\/\/www.gavinox.it\/en\/wp-json\/wp\/v2\/pages"}],"about":[{"href":"https:\/\/www.gavinox.it\/en\/wp-json\/wp\/v2\/types\/page"}],"author":[{"embeddable":true,"href":"https:\/\/www.gavinox.it\/en\/wp-json\/wp\/v2\/users\/3"}],"replies":[{"embeddable":true,"href":"https:\/\/www.gavinox.it\/en\/wp-json\/wp\/v2\/comments?post=1062"}],"version-history":[{"count":4,"href":"https:\/\/www.gavinox.it\/en\/wp-json\/wp\/v2\/pages\/1062\/revisions"}],"predecessor-version":[{"id":1119,"href":"https:\/\/www.gavinox.it\/en\/wp-json\/wp\/v2\/pages\/1062\/revisions\/1119"}],"up":[{"embeddable":true,"href":"https:\/\/www.gavinox.it\/en\/wp-json\/wp\/v2\/pages\/1061"}],"wp:attachment":[{"href":"https:\/\/www.gavinox.it\/en\/wp-json\/wp\/v2\/media?parent=1062"}],"curies":[{"name":"wp","href":"https:\/\/api.w.org\/{rel}","templated":true}]}}